 {"id":446,"date":"2025-05-28T10:40:06","date_gmt":"2025-05-28T08:40:06","guid":{"rendered":"https:\/\/www.eicenter.eus\/cookies-policy\/"},"modified":"2025-10-08T13:47:31","modified_gmt":"2025-10-08T11:47:31","slug":"cookieei-buruzko-politika","status":"publish","type":"page","link":"https:\/\/www.eicenter.eus\/eu\/cookieei-buruzko-politika\/","title":{"rendered":"Cookieei buruzko politika"},"content":{"rendered":"<p>En esta web se utilizan cookies de terceros y propias para conseguir que tengas una mejor experiencia de navegaci\u00f3n, puedas compartir contenido en redes sociales y para que podamos obtener estad\u00edsticas de los usuarios.<\/p>\r\n<p>Puedes evitar la descarga de cookies a trav\u00e9s de la configuraci\u00f3n de tu navegador, evitando que las cookies se almacenen en su dispositivo.<\/p>\r\n<p>Como propietario de este sitio web, te comunico que no utilizamos ninguna informaci\u00f3n personal procedente de cookies, tan s\u00f3lo realizamos estad\u00edsticas generales de visitas que no suponen ninguna informaci\u00f3n personal.<\/p>\r\n<p>Es muy importante que leas la presente pol\u00edtica de cookies y comprendas que, \u00fanicamente se almacenar\u00e1n en tu dispositivo las cookies necesarias para la navegaci\u00f3n. El resto de cookies se instalar\u00e1n siempre y cuando lo consientas expresamente.<\/p>\r\n<p>Seg\u00fan los t\u00e9rminos incluidos en el art\u00edculo 22.2 de la Ley 34\/2002 de Servicios de la Sociedad de la Informaci\u00f3n y Comercio Electr\u00f3nico, si contin\u00faas navegando, estar\u00e1s prestando tu consentimiento para el empleo de los referidos mecanismos.<\/p>\r\n<h4>Entidad Responsable<\/h4>\r\n<p>La entidad responsable de la recogida, procesamiento y utilizaci\u00f3n de tus datos personales, en el sentido establecido por la Ley de Protecci\u00f3n de Datos personales, es la p\u00e1gina WWW.EICENTER.EUS, propiedad de FUNDACI\u00d3N ENERGY INTELLIGENCE CENTER FUNDAZIOA, y direcci\u00f3n en SERANTES BIDEA, S\/N.<\/p>\r\n<h4>\u00bfQu\u00e9 son las cookies?<\/h4>\r\n<p>Las cookies son un conjunto de datos que un servidor deposita en el navegador del usuario para recoger la informaci\u00f3n de registro est\u00e1ndar de Internet y la informaci\u00f3n del comportamiento de los visitantes en un sitio web. Es decir, se trata de peque\u00f1os archivos de texto que quedan almacenados en el disco duro del ordenador y que sirven para identificar al usuario cuando se conecta nuevamente al sitio web. Su objetivo es registrar la visita del usuario y guardar cierta informaci\u00f3n. Su uso es com\u00fan y frecuente en la web ya que permite a las p\u00e1ginas funcionar de manera m\u00e1s eficiente y conseguir una mayor personalizaci\u00f3n y an\u00e1lisis sobre el comportamiento del usuario.<\/p>\r\n<h4>\u00bfQu\u00e9 tipos de cookies existen?<\/h4>\r\n<p>Las cookies utilizadas en nuestro sitio web, son de sesi\u00f3n y de terceros, y nos permiten almacenar y acceder a informaci\u00f3n relativa al idioma, el tipo de navegador utilizado, y otras caracter\u00edsticas generales predefinidas por el usuario, as\u00ed como, seguir y analizar la actividad que lleva a cabo, con el objeto de introducir mejoras y prestar nuestros servicios de una manera m\u00e1s eficiente y personalizada.<\/p>\r\n<p>Las cookies, en funci\u00f3n de su permanencia, pueden dividirse en cookies de sesi\u00f3n o permanentes. Las que expiran cuando el usuario cierra el navegador. Las que\r\nexpiran en funci\u00f3n de cuando se cumpla el objetivo para el que sirven (por ejemplo, para que el usuario se mantenga identificado en los servicios de FUNDACI\u00d3N ENERGY INTELLIGENCE CENTER FUNDAZIOA o bien cuando se borran manualmente.<\/p>\r\n<p>Adicionalmente, en funci\u00f3n de su objetivo, las cookies pueden clasificarse de la siguiente forma:<\/p>\r\n<section class=\"tabla-cookies__wrapper\">\r\n    <div class=\"tabla-cookies__container\">\r\n        <main class=\"tabla-cookies\">\r\n            <div class=\"tabla-cookies__row\">\r\n               <div class=\"py-2\">Beharrezko cookieak:<\/div>\r\n               <table class=\"wt-cli-element cookielawinfo-row-cat-table cookielawinfo-classic\"><thead><tr><th scope=\"col\" class=\"cookielawinfo-column-1\">Cookie<\/th><th scope=\"col\" class=\"cookielawinfo-column-2\">Mota<\/th><th scope=\"col\" class=\"cookielawinfo-column-3\">Iraupena<\/th><th scope=\"col\" class=\"cookielawinfo-column-4\">Deskribapena<\/th><\/tr><\/thead><tbody><tr class=\"cookielawinfo-row\"><td class=\"cookielawinfo-column-1\">cookielawinfo-checkbox-necessary<\/td><td class=\"cookielawinfo-column-2\">iraunkorra<\/td><td class=\"cookielawinfo-column-3\">11 hilabete<\/td><td class=\"cookielawinfo-column-4\">Cookie hau GDPR-ren cookietako baimen-pluginaren bidez ezartzen da. Erabiltzaileak cookietarako emandako baimena \"Beharrezkoa\u201d kategorian gordetzeko erabiltzen dira cookieak.<\/td><\/tr><tr class=\"cookielawinfo-row\"><td class=\"cookielawinfo-column-1\">cookielawinfo-checkbox-non-necessary<\/td><td class=\"cookielawinfo-column-2\">iraunkorra<\/td><td class=\"cookielawinfo-column-3\">11 hilabete<\/td><td class=\"cookielawinfo-column-4\">Cookie hau GDPR-ren cookietako baimen-pluginaren bidez ezartzen da. Erabiltzaileak cookietarako emandako baimena \"Ez beharrezkoa\u201d kategorian gordetzeko erabiltzen dira cookieak.<\/td><\/tr><tr class=\"cookielawinfo-row\"><td class=\"cookielawinfo-column-1\">viewed_cookie_policy<\/td><td class=\"cookielawinfo-column-2\">iraunkorra<\/td><td class=\"cookielawinfo-column-3\">11 hilabete<\/td><td class=\"cookielawinfo-column-4\">Cookie hau GDPR-ren cookietako baimen-pluginaren bidez ezartzen da, eta erabiltzaileak cookietarako baimena eman duen edo ez biltegiratzeko erabiltzen da. Ez du datu pertsonalik biltegiratzen.<\/td><\/tr><\/tbody><\/table>\r\n            <\/div>\r\n            <div class=\"tabla-cookies__row\">\r\n               <div class=\"py-2\">Cookie estatistikoak:<\/div>\r\n               <table class=\"wt-cli-element cookielawinfo-row-cat-table cookielawinfo-classic\"><thead><tr><th scope=\"col\" class=\"cookielawinfo-column-1\">Cookie<\/th><th scope=\"col\" class=\"cookielawinfo-column-2\">Mota<\/th><th scope=\"col\" class=\"cookielawinfo-column-3\">Iraupena<\/th><th scope=\"col\" class=\"cookielawinfo-column-4\">Deskribapena<\/th><\/tr><\/thead><tbody><tr class=\"cookielawinfo-row\"><td class=\"cookielawinfo-column-1\">__utma<\/td><td class=\"cookielawinfo-column-2\">iraunkorra<\/td><td class=\"cookielawinfo-column-3\">2 urte<\/td><td class=\"cookielawinfo-column-4\">Google Analytics-ek ezartzen du, eta erabiltzaileak eta saioak bereizteko erabiltzen da. JavaScript liburutegia exekutatzen denean eta lehendik __utma cookierik ez dagoenean sortzen da. Cookiea eguneratu egiten da, datuak Google Analytics-era bidaltzen diren bakoitzean.<\/td><\/tr><tr class=\"cookielawinfo-row\"><td class=\"cookielawinfo-column-1\">__utmb<\/td><td class=\"cookielawinfo-column-2\">iraunkorra<\/td><td class=\"cookielawinfo-column-3\">30 minutu<\/td><td class=\"cookielawinfo-column-4\">Google Analytics-ek konfiguratutako cookiea da. Saio\/Bisita berriak zehazteko erabiltzen da. JavaScript liburutegia exekutatzen denean eta lehendik __utma cookierik ez dagoenean sortzen da. Cookiea eguneratu egiten da, datuak Google Analytics-era bidaltzen diren bakoitzean.<\/td><\/tr><tr class=\"cookielawinfo-row\"><td class=\"cookielawinfo-column-1\">__utmc<\/td><td class=\"cookielawinfo-column-2\">saioa<\/td><td class=\"cookielawinfo-column-3\">Arakatzailearen saioaren amaiera<\/td><td class=\"cookielawinfo-column-4\">Google Analytics-ek ezartzen du, eta erabiltzaileak nabigatzailea ixtean ezabatzen da. Ez da erabiltzen ga.js. Cookie hau urchin.js-rekin batera jarduteko erabiltzen da, Google Analytics-en bertsio zaharragoa den horrekin batera jarduteko, alegia, eta cookie __utmb cookiearekin batera erabiltzen da, saio\/bisita berriak zehazteko.<\/td><\/tr><tr class=\"cookielawinfo-row\"><td class=\"cookielawinfo-column-1\">__utmt<\/td><td class=\"cookielawinfo-column-2\">iraunkorra<\/td><td class=\"cookielawinfo-column-3\">10 minutu<\/td><td class=\"cookielawinfo-column-4\">Google Analytics-ek ezartzen du cookiea, eta eskaeren tasa murrizteko erabiltzen da.<\/td><\/tr><tr class=\"cookielawinfo-row\"><td class=\"cookielawinfo-column-1\">__utmz<\/td><td class=\"cookielawinfo-column-2\">iraunkorra<\/td><td class=\"cookielawinfo-column-3\">6 hilabete<\/td><td class=\"cookielawinfo-column-4\">Google Analytics-ek ezartzen duen cookiea da, eta bisitariak webgunera jotzeko erabilitako bidearen iturria edo kanpaina biltegiratzeko erabiltzen da.<\/td><\/tr><tr class=\"cookielawinfo-row\"><td class=\"cookielawinfo-column-1\">_ga<\/td><td class=\"cookielawinfo-column-2\">iraunkorra<\/td><td class=\"cookielawinfo-column-3\">2 urte<\/td><td class=\"cookielawinfo-column-4\">Cooki hau erabiltzaileak eta saioak bereizteko erabiltzen da.<\/td><\/tr><tr class=\"cookielawinfo-row\"><td class=\"cookielawinfo-column-1\">_gid<\/td><td class=\"cookielawinfo-column-2\">iraunkorra<\/td><td class=\"cookielawinfo-column-3\">24 ordu<\/td><td class=\"cookielawinfo-column-4\">Cooki hau erabiltzaileak eta saioak bereizteko erabiltzen da.<\/td><\/tr><tr class=\"cookielawinfo-row\"><td class=\"cookielawinfo-column-1\">GPS<\/td><td class=\"cookielawinfo-column-2\">iraunkorra<\/td><td class=\"cookielawinfo-column-3\">30 minutu<\/td><td class=\"cookielawinfo-column-4\">Youtubek ezarritako cookiea da, eta identifikazio bakarra erregistratzen du, erabiltzaileen kokapen geografikoan oinarrituta horien jarraipena egiteko.<\/td><\/tr><tr class=\"cookielawinfo-row\"><td class=\"cookielawinfo-column-1\">test_cookie<\/td><td class=\"cookielawinfo-column-2\">iraunkorra<\/td><td class=\"cookielawinfo-column-3\">11 hilabete<\/td><td class=\"cookielawinfo-column-4\">Googleren DoubleClick osagarriak cookie hau ezar dezake webgunean, zure nabigatzaileak cookieak onartzen dituen egiaztatzeko. Googleren DoubleClick osagarriak zuri zuzendutako publizitatea hobetzea du xede.<\/td><\/tr><tr class=\"cookielawinfo-row\"><td class=\"cookielawinfo-column-1\">YSC<\/td><td class=\"cookielawinfo-column-2\">saioa<\/td><td class=\"cookielawinfo-column-3\">Arakatzailearen saioaren amaiera<\/td><td class=\"cookielawinfo-column-4\">Youtubek ezartzen duen cookiea da, eta txertatutako bideoen bisiten arrastoari jarraitzeko erabiltzen da.<\/td><\/tr><\/tbody><\/table> \r\n            <\/div>\r\n            <div class=\"tabla-cookies__row\"> \r\n               <div class=\"py-2\">Marketin cookieak:<\/div>\r\n               <table class=\"wt-cli-element cookielawinfo-row-cat-table cookielawinfo-classic\"><thead><tr><th scope=\"col\" class=\"cookielawinfo-column-1\">Cookie<\/th><th scope=\"col\" class=\"cookielawinfo-column-2\">Mota<\/th><th scope=\"col\" class=\"cookielawinfo-column-3\">Iraupena<\/th><th scope=\"col\" class=\"cookielawinfo-column-4\">Deskribapena<\/th><\/tr><\/thead><tbody><tr class=\"cookielawinfo-row\"><td class=\"cookielawinfo-column-1\">IDE<\/td><td class=\"cookielawinfo-column-2\">iraunkorra<\/td><td class=\"cookielawinfo-column-3\">2 urte<\/td><td class=\"cookielawinfo-column-4\">Google DoubleClick-ek erabiltzen du, eta erabiltzaileak webgunea nola erabiltzen duen jakiteko informazioa biltegiratzen du, bai eta webgunea bisitatu aurretiko iragarkietarakoa ere. Erabiltzaileei beren profilaren arabera interesgarriak izan daitezkeen iragarkiak aurkezteko erabiltzen da.<\/td><\/tr><tr class=\"cookielawinfo-row\"><td class=\"cookielawinfo-column-1\">uid<\/td><td class=\"cookielawinfo-column-2\">iraunkorra<\/td><td class=\"cookielawinfo-column-3\">1 hilabete<\/td><td class=\"cookielawinfo-column-4\">Webgunearen bisitari kopurua eta jokabidea modu anonimoan neurtzeko erabiltzen da. Datuen barnean, hauek sartzen dira: bisita kopurua, webgunera egindako bisiten batez besteko iraupena, bisitatutako orriak, etab. Erabiltzaileei zuzendutako iragarkietan horien lehentasunak hobeto ulertu ahal izateko erabiltzen dira.<\/td><\/tr><tr class=\"cookielawinfo-row\"><td class=\"cookielawinfo-column-1\">VISITOR_INFO1_LIVE<\/td><td class=\"cookielawinfo-column-2\">iraunkorra<\/td><td class=\"cookielawinfo-column-3\">5 hilabete<\/td><td class=\"cookielawinfo-column-4\">Youtubek ezartzen du. Webgune batean txertatutako Youtubeko bideoei buruzko informazioaren arrastoari jarraitzeko erabiltzen da.<\/td><\/tr><\/tbody><\/table> \r\n            <\/div>\r\n            <div class=\"tabla-cookies__row\">\r\n               <div class=\"py-2\">Lehentasunen cookieak:<\/div>\r\n               <table class=\"wt-cli-element cookielawinfo-row-cat-table cookielawinfo-classic\"><thead><tr><th scope=\"col\" class=\"cookielawinfo-column-1\">Cookie<\/th><th scope=\"col\" class=\"cookielawinfo-column-2\">Mota<\/th><th scope=\"col\" class=\"cookielawinfo-column-3\">Iraupena<\/th><th scope=\"col\" class=\"cookielawinfo-column-4\">Deskribapena<\/th><\/tr><\/thead><tbody><tr class=\"cookielawinfo-row\"><td class=\"cookielawinfo-column-1\">lang<\/td><td class=\"cookielawinfo-column-2\">saioa<\/td><td class=\"cookielawinfo-column-3\">Arakatzailearen saioaren amaiera<\/td><td class=\"cookielawinfo-column-4\">Erabiltzaile baten hizkuntza-lehentasunak biltegiratzeko erabiltzen da cookie hau, biltegiratutako hizkuntza horretan eskaintzeko edukia erabiltzaileak webgunea bisitatzen duen hurrengo aldian.<\/td><\/tr><tr class=\"cookielawinfo-row\"><td class=\"cookielawinfo-column-1\">YTC<\/td><td class=\"cookielawinfo-column-2\">iraunkorra<\/td><td class=\"cookielawinfo-column-3\">10 minutu<\/td><td class=\"cookielawinfo-column-4\">Cookie hau Youtubek ezartzen du, gure webgunean bideoak txertatu eta ikusteko aukera administratzeko<\/td><\/tr><\/tbody><\/table> \r\n            <\/div>\r\n        <\/main>\r\n    <\/div>\r\n<\/section>\r\n<h4>Cookies de rendimiento<\/h4>\r\n<p>Este tipo de Cookie recuerda sus preferencias para las herramientas que se encuentran en los servicios, por lo que no tiene que volver a configurar el servicio cada vez que usted visita. A modo de ejemplo, en esta tipolog\u00eda se incluyen: Ajustes de volumen de reproductores de v\u00eddeo o sonido. Las velocidades de transmisi\u00f3n de v\u00eddeo que sean compatibles con su navegador. Los objetos guardados en el \u201ccarrito de la compra\u201d en los servicios de e-commerce tales como tiendas.<\/p>\r\n<h4>Cookies de geo-localizaci\u00f3n<\/h4>\r\n<p>Estas cookies son utilizadas para averiguar en qu\u00e9 pa\u00eds se encuentra cuando se solicita un servicio. Esta cookie es totalmente an\u00f3nima, y s\u00f3lo se utiliza para ayudar a orientar el contenido a su ubicaci\u00f3n.<\/p>\r\n<h4>Cookies de registro<\/h4>\r\n<p>Las cookies de registro se generan una vez que el usuario se ha registrado o posteriormente ha abierto su sesi\u00f3n, y se utilizan para identificarle en los servicios con los siguientes objetivos:<\/p>\r\n<ul class=\"list-style-disc\">\r\n  <li>Mantener al usuario identificado de forma que, si cierra un servicio, el navegador o el ordenador y en otro momento u otro d\u00eda vuelve a entrar en dicho servicio, seguir\u00e1 identificado, facilitando as\u00ed su navegaci\u00f3n sin tener que volver a identificarse. Esta funcionalidad se puede suprimir si el usuario pulsa la funcionalidad [cerrar sesi\u00f3n], de forma que esta cookie se elimina y la pr\u00f3xima vez que entre en el servicio el usuario tendr\u00e1 que iniciar sesi\u00f3n para estar identificado.<\/li>\r\n  <li>Comprobar si el usuario est\u00e1 autorizado para acceder a ciertos servicios, por ejemplo, para participar en un concurso.<\/li>\r\n<\/ul>\r\n<p>Adicionalmente, algunos servicios pueden utilizar conectores con redes sociales tales como Facebook o Twitter. Cuando el usuario se registra en un servicio con credenciales de una red social, autoriza a la red social a guardar una Cookie persistente que recuerda su identidad y le garantiza acceso a los servicios hasta que expira. El usuario puede borrar esta Cookie y revocar el acceso a los servicios mediante redes sociales actualizando sus preferencias en la red social que espec\u00edfica.<\/p>\r\n<h4>Cookies anal\u00edticas<\/h4>\r\n<p>Cada vez que un usuario visita un servicio, una herramienta de un proveedor externo genera una cookie anal\u00edtica en el ordenador del usuario. Esta cookie que s\u00f3lo se genera en la visita, servir\u00e1 en pr\u00f3ximas visitas a los servicios de FUNDACI\u00d3N ENERGY INTELLIGENCE CENTER FUNDAZIOA, para identificar de forma an\u00f3nima al visitante. Los objetivos principales que se persiguen son:<\/p>\r\n<ul class=\"list-style-disc\">\r\n  <li>Permitir la identificaci\u00f3n an\u00f3nima de los usuarios navegantes a trav\u00e9s de la cookie (identifica navegadores y dispositivos, no personas) y por lo tanto la contabilizaci\u00f3n aproximada del n\u00famero de visitantes y su tendencia en el tiempo.<\/li>\r\n  <li>Identificar de forma an\u00f3nima los contenidos m\u00e1s visitados y por lo tanto m\u00e1s atractivos para los usuarios saber si el usuario que est\u00e1 accediendo es nuevo o repite visita.<\/li>\r\n<\/ul>\r\n<p>Importante: Salvo que el usuario decida registrarse en un servicio FUNDACI\u00d3N ENERGY INTELLIGENCE CENTER FUNDAZIOA, la cookie nunca ir\u00e1 asociada a ning\u00fan dato de car\u00e1cter personal que pueda identificarle. Dichas cookies s\u00f3lo ser\u00e1n utilizadas con prop\u00f3sitos estad\u00edsticos que ayuden a la optimizaci\u00f3n de la experiencia de los usuarios en el sitio.<\/p>\r\n<h4>Cookies de publicidad<\/h4>\r\n<p>Este tipo de cookies permiten ampliar la informaci\u00f3n de los anuncios mostrados a cada usuario an\u00f3nimo en los servicios de FUNDACI\u00d3N ENERGY INTELLIGENCE CENTER FUNDAZIOA Entre otros, se almacena la duraci\u00f3n o frecuencia de visualizaci\u00f3n de posiciones publicitarias, la interacci\u00f3n con las mismas, o los patrones de navegaci\u00f3n y\/o comportamientos del usuario ya que ayudan a conformar un perfil de inter\u00e9s publicitario. De este modo, permiten ofrecer publicidad af\u00edn a los intereses del usuario.<\/p>\r\n<h4>Cookies publicitarias de terceros<\/h4>\r\n<p>Adem\u00e1s de la publicidad gestionada por las webs FUNDACI\u00d3N ENERGY INTELLIGENCE CENTER FUNDAZIOA en sus servicios, las webs de FUNDACI\u00d3N ENERGY INTELLIGENCE CENTER FUNDAZIOA ofrecen a sus anunciantes la opci\u00f3n de servir anuncios a trav\u00e9s de terceros (\u201cAd- Servers\u201d). De este modo, estos terceros pueden almacenar cookies enviadas desde los servicios de FUNDACI\u00d3N ENERGY INTELLIGENCE CENTER FUNDAZIOA procedentes de los navegadores de los usuarios, as\u00ed como acceder a los datos que en ellas se guardan.<\/p>\r\n<h4>\u00bfC\u00f3mo puedo deshabilitar las cookies en mi navegador?<\/h4>\r\n<p>Se pueden configurar los diferentes navegadores para avisar al usuario de la recepci\u00f3n de cookies y, si se desea, impedir su instalaci\u00f3n en el equipo. Asimismo, el usuario puede revisar en su navegador qu\u00e9 cookies tiene instaladas y cu\u00e1l es el plazo de caducidad de las mismas, pudiendo eliminarlas.<\/p>\r\n<p>Para ampliar esta informaci\u00f3n consulte las instrucciones y manuales de su navegador:<\/p>\r\n<ul class=\"list-style-disc\">\r\n  <li>Para m\u00e1s informaci\u00f3n sobre la administraci\u00f3n de las cookies en Google Chrome: <a href=\"https:\/\/support.google.com\/chrome\/answer\/95647?hl=es\" target=\"_blank\">aqu\u00ed<\/a><\/li>\r\n  <li>Para m\u00e1s informaci\u00f3n sobre la administraci\u00f3n de las cookies en Internet Explore: <a href=\"https:\/\/support.microsoft.com\/es-es\/windows\/administrar-cookies-en-microsoft-edge-ver-permitir-bloquear-eliminar-y-usar-168dab11-0753-043d-7c16-ede5947fc64d#:~:text=En%20Internet%20Explorer%2C%20seleccione%20el,si%20prefieres%20que%20te%20pregunten\" target=\"_blank\">aqu\u00ed<\/a><\/li>\r\n  <li>Para m\u00e1s informaci\u00f3n sobre la administraci\u00f3n de las cookies en Firefox: <a href=\"https:\/\/support.microsoft.com\/es-es\/windows\" target=\"_blank\">aqu\u00ed<\/a><\/li>\r\n  <li>Para m\u00e1s informaci\u00f3n sobre la administraci\u00f3n de las cookies en Safari: <a href=\"https:\/\/www.apple.com\/legal\/privacy\/es\/cookies\/\" target=\"_blank\">aqu\u00ed<\/a><\/li>\r\n  <li>Para m\u00e1s informaci\u00f3n sobre la administraci\u00f3n de las cookies en Opera: <a href=\"https:\/\/help.opera.com\/en\/latest\/web-preferences\/#cookies\" target=\"_blank\">aqu\u00ed<\/a><\/li>\r\n  <li>Si desea dejar de ser seguido por Google Analytics visite: <a href=\"https:\/\/tools.google.com\/dlpage\/gaoptout\" target=\"_blank\">aqu\u00ed<\/a><\/li>\r\n<\/ul>","protected":false},"excerpt":{"rendered":"<p>En esta web se utilizan cookies de terceros y propias para conseguir que tengas una mejor experiencia de navegaci\u00f3n, puedas compartir contenido en redes sociales y para que podamos obtener estad\u00edsticas de los usuarios. Puedes evitar la descarga de cookies a trav\u00e9s de la configuraci\u00f3n de tu navegador, evitando que las cookies se almacenen en [&hellip;]<\/p>\n","protected":false},"author":1,"featured_media":0,"parent":0,"menu_order":0,"comment_status":"closed","ping_status":"closed","template":"templates\/page-with-container.php","meta":{"_acf_changed":false,"footnotes":""},"class_list":["post-446","page","type-page","status-publish","hentry"],"acf":[],"_links":{"self":[{"href":"https:\/\/www.eicenter.eus\/eu\/wp-json\/wp\/v2\/pages\/446","targetHints":{"allow":["GET"]}}],"collection":[{"href":"https:\/\/www.eicenter.eus\/eu\/wp-json\/wp\/v2\/pages"}],"about":[{"href":"https:\/\/www.eicenter.eus\/eu\/wp-json\/wp\/v2\/types\/page"}],"author":[{"embeddable":true,"href":"https:\/\/www.eicenter.eus\/eu\/wp-json\/wp\/v2\/users\/1"}],"replies":[{"embeddable":true,"href":"https:\/\/www.eicenter.eus\/eu\/wp-json\/wp\/v2\/comments?post=446"}],"version-history":[{"count":2,"href":"https:\/\/www.eicenter.eus\/eu\/wp-json\/wp\/v2\/pages\/446\/revisions"}],"predecessor-version":[{"id":1148,"href":"https:\/\/www.eicenter.eus\/eu\/wp-json\/wp\/v2\/pages\/446\/revisions\/1148"}],"wp:attachment":[{"href":"https:\/\/www.eicenter.eus\/eu\/wp-json\/wp\/v2\/media?parent=446"}],"curies":[{"name":"wp","href":"https:\/\/api.w.org\/{rel}","templated":true}]}}