 {"id":1239,"date":"2025-05-28T10:39:28","date_gmt":"2025-05-28T08:39:28","guid":{"rendered":"https:\/\/www.eicenter.eus\/aviso-legal\/"},"modified":"2025-11-13T11:18:31","modified_gmt":"2025-11-13T10:18:31","slug":"aviso-legal","status":"publish","type":"page","link":"https:\/\/www.eicenter.eus\/eu\/aviso-legal\/","title":{"rendered":"Aviso legal"},"content":{"rendered":"<h4>AVISO LEGAL<\/h4>\r\n<p>El presente Aviso Legal regula el uso del servicio del portal de Internet con direcci\u00f3n WWW.EICENTER.EUS, cuyo responsable a efectos identificativos es:<\/p>\r\n<ul class=\"list-style-disc\">\r\n  <li>Responsable: FUNDACI\u00d3N ENERGY INTELLIGENCE CENTER FUNDAZIOA<\/li>\r\n  <li>NIF: G19983618<\/li>\r\n  <li>Direcci\u00f3n: SERANTES BIDEA, S\/N<\/li>\r\n  <li>Tel\u00e9fono: 629460977<\/li>\r\n  <li>Mail: J.GGARAIGORDOBIL@EICENTER.EUS<\/li>\r\n<\/ul>\r\n<h4>Legislaci\u00f3n<\/h4>\r\n<p>Con car\u00e1cter general las relaciones entre FUNDACI\u00d3N ENERGY INTELLIGENCE CENTER FUNDAZIOA con los Usuarios de sus servicios telem\u00e1ticos, presentes en la web, se encuentran sometidas a la legislaci\u00f3n y jurisdicci\u00f3n espa\u00f1olas.<\/p>\r\n<p>Las partes renuncian expresamente al fuero que les pudiera corresponder y someten expresamente a los Juzgados y Tribunales de BIZKAIA para resolver cualquier controversia que pudiera surgir en la interpretaci\u00f3n o ejecuci\u00f3n de las presentes condiciones contractuales.<\/p>\r\n<h4>Contenido y Uso<\/h4>\r\n<p>El Usuario queda informado, y acepta, que el acceso a la presente web no supone, en modo alguno, el inicio de una relaci\u00f3n comercial con FUNDACI\u00d3N ENERGY INTELLIGENCE CENTER FUNDAZIOA.<\/p>\r\n<p>El titular del web no se identifica con las opiniones vertidas en el mismo por sus colaboradores. La Empresa se reserva el derecho de efectuar sin previo aviso las modificaciones que considere oportunas en su Web, pudiendo cambiar, suprimir o a\u00f1adir tanto los contenidos y servicios que se presten a trav\u00e9s de la misma como la forma en la que \u00e9stos aparezcan presentados o localizados en sus servidores.<\/p>\r\n<h4>Propiedad intelectual e industrial<\/h4>\r\n<p>Los derechos de propiedad intelectual del contenido de las p\u00e1ginas web, su dise\u00f1o gr\u00e1fico y c\u00f3digos son titularidad de FUNDACI\u00d3N ENERGY INTELLIGENCE CENTER FUNDAZIOA y, por tanto, queda prohibida su reproducci\u00f3n, distribuci\u00f3n, comunicaci\u00f3n p\u00fablica, transformaci\u00f3n o cualquier otra actividad que se pueda realizar con los contenidos de sus p\u00e1ginas web ni aun citando las fuentes, salvo consentimiento por escrito de FUNDACI\u00d3N ENERGY INTELLIGENCE CENTER FUNDAZIOA Todos los nombres comerciales, marcas o signos distintos de cualquier clase contenidos en las p\u00e1ginas web de la Empresa son propiedad de sus due\u00f1os y est\u00e1n protegidos por ley.<\/p>\r\n<h4>Enlaces (Links)<\/h4>\r\n<p>La presencia de enlaces (links) en las p\u00e1ginas web de FUNDACI\u00d3N ENERGY INTELLIGENCE CENTER FUNDAZIOA tiene finalidad meramente informativa y en ning\u00fan caso supone sugerencia, invitaci\u00f3n o recomendaci\u00f3n sobre los mismos.<\/p>\r\n","protected":false},"excerpt":{"rendered":"<p>AVISO LEGAL El presente Aviso Legal regula el uso del servicio del portal de Internet con direcci\u00f3n WWW.EICENTER.EUS, cuyo responsable a efectos identificativos es: Responsable: FUNDACI\u00d3N ENERGY INTELLIGENCE CENTER FUNDAZIOA NIF: G19983618 Direcci\u00f3n: SERANTES BIDEA, S\/N Tel\u00e9fono: 629460977 Mail: J.GGARAIGORDOBIL@EICENTER.EUS Legislaci\u00f3n Con car\u00e1cter general las relaciones entre FUNDACI\u00d3N ENERGY INTELLIGENCE CENTER FUNDAZIOA con los Usuarios [&hellip;]<\/p>\n","protected":false},"author":1,"featured_media":0,"parent":0,"menu_order":0,"comment_status":"closed","ping_status":"closed","template":"templates\/page-light-hero-with-container.php","meta":{"_acf_changed":false,"footnotes":""},"class_list":["post-1239","page","type-page","status-publish","hentry"],"acf":[],"_links":{"self":[{"href":"https:\/\/www.eicenter.eus\/eu\/wp-json\/wp\/v2\/pages\/1239","targetHints":{"allow":["GET"]}}],"collection":[{"href":"https:\/\/www.eicenter.eus\/eu\/wp-json\/wp\/v2\/pages"}],"about":[{"href":"https:\/\/www.eicenter.eus\/eu\/wp-json\/wp\/v2\/types\/page"}],"author":[{"embeddable":true,"href":"https:\/\/www.eicenter.eus\/eu\/wp-json\/wp\/v2\/users\/1"}],"replies":[{"embeddable":true,"href":"https:\/\/www.eicenter.eus\/eu\/wp-json\/wp\/v2\/comments?post=1239"}],"version-history":[{"count":1,"href":"https:\/\/www.eicenter.eus\/eu\/wp-json\/wp\/v2\/pages\/1239\/revisions"}],"predecessor-version":[{"id":1240,"href":"https:\/\/www.eicenter.eus\/eu\/wp-json\/wp\/v2\/pages\/1239\/revisions\/1240"}],"wp:attachment":[{"href":"https:\/\/www.eicenter.eus\/eu\/wp-json\/wp\/v2\/media?parent=1239"}],"curies":[{"name":"wp","href":"https:\/\/api.w.org\/{rel}","templated":true}]}}